{"id":2385,"date":"2024-10-30T19:22:19","date_gmt":"2024-10-30T19:22:19","guid":{"rendered":"https:\/\/emigracioncastellanayleonesa.es\/?page_id=2385"},"modified":"2025-06-05T20:52:29","modified_gmt":"2025-06-05T20:52:29","slug":"iii-premio-memoria-de-la-emigracion-espanola","status":"publish","type":"page","link":"https:\/\/emigracioncastellanayleonesa.es\/index.php\/iii-premio-memoria-de-la-emigracion-espanola\/","title":{"rendered":"III Premio Memoria de la Emigraci\u00f3n Espa\u00f1ola"},"content":{"rendered":"\t\t<div data-elementor-type=\"wp-page\" data-elementor-id=\"2385\" class=\"elementor elementor-2385\" data-elementor-post-type=\"page\">\n\t\t\t\t\t\t<section class=\"elementor-section elementor-top-section elementor-element elementor-element-c58de92 elementor-section-boxed elementor-section-height-default elementor-section-height-default\" data-id=\"c58de92\" data-element_type=\"section\">\n\t\t\t\t\t\t<div class=\"elementor-container elementor-column-gap-default\">\n\t\t\t\t\t<div class=\"elementor-column elementor-col-100 elementor-top-column elementor-element elementor-element-bb97f3f\" data-id=\"bb97f3f\" data-element_type=\"column\">\n\t\t\t<div class=\"elementor-widget-wrap elementor-element-populated\">\n\t\t\t\t\t\t<div class=\"elementor-element elementor-element-0aa5d2e elementor-widget elementor-widget-image\" data-id=\"0aa5d2e\" data-element_type=\"widget\" data-widget_type=\"image.default\">\n\t\t\t\t<div class=\"elementor-widget-container\">\n\t\t\t<style>\/*! elementor - v3.22.0 - 17-06-2024 *\/\n.elementor-widget-image{text-align:center}.elementor-widget-image a{display:inline-block}.elementor-widget-image a img[src$=\".svg\"]{width:48px}.elementor-widget-image img{vertical-align:middle;display:inline-block}<\/style>\t\t\t\t\t\t\t\t\t\t<img fetchpriority=\"high\" decoding=\"async\" width=\"768\" height=\"549\" src=\"https:\/\/emigracioncastellanayleonesa.es\/wp-content\/uploads\/2024\/10\/Cartel-III-Premio_ESPANA-copia-2-768x549.jpg\" class=\"attachment-medium_large size-medium_large wp-image-2395\" alt=\"\" srcset=\"https:\/\/emigracioncastellanayleonesa.es\/wp-content\/uploads\/2024\/10\/Cartel-III-Premio_ESPANA-copia-2-768x549.jpg 768w, https:\/\/emigracioncastellanayleonesa.es\/wp-content\/uploads\/2024\/10\/Cartel-III-Premio_ESPANA-copia-2-300x214.jpg 300w, https:\/\/emigracioncastellanayleonesa.es\/wp-content\/uploads\/2024\/10\/Cartel-III-Premio_ESPANA-copia-2-1024x731.jpg 1024w, https:\/\/emigracioncastellanayleonesa.es\/wp-content\/uploads\/2024\/10\/Cartel-III-Premio_ESPANA-copia-2-1536x1097.jpg 1536w, https:\/\/emigracioncastellanayleonesa.es\/wp-content\/uploads\/2024\/10\/Cartel-III-Premio_ESPANA-copia-2-2048x1463.jpg 2048w\" sizes=\"(max-width: 768px) 100vw, 768px\" \/>\t\t\t\t\t\t\t\t\t\t\t\t\t<\/div>\n\t\t\t\t<\/div>\n\t\t\t\t\t<\/div>\n\t\t<\/div>\n\t\t\t\t\t<\/div>\n\t\t<\/section>\n\t\t\t\t<section class=\"elementor-section elementor-top-section elementor-element elementor-element-ff3925c elementor-section-boxed elementor-section-height-default elementor-section-height-default\" data-id=\"ff3925c\" data-element_type=\"section\">\n\t\t\t\t\t\t<div class=\"elementor-container elementor-column-gap-default\">\n\t\t\t\t\t<div class=\"elementor-column elementor-col-100 elementor-top-column elementor-element elementor-element-2f7d573\" data-id=\"2f7d573\" data-element_type=\"column\">\n\t\t\t<div class=\"elementor-widget-wrap elementor-element-populated\">\n\t\t\t\t\t\t<div class=\"elementor-element elementor-element-567dc11 elementor-widget__width-initial elementor-widget elementor-widget-heading\" data-id=\"567dc11\" data-element_type=\"widget\" data-widget_type=\"heading.default\">\n\t\t\t\t<div class=\"elementor-widget-container\">\n\t\t\t<style>\/*! elementor - v3.22.0 - 17-06-2024 *\/\n.elementor-heading-title{padding:0;margin:0;line-height:1}.elementor-widget-heading .elementor-heading-title[class*=elementor-size-]>a{color:inherit;font-size:inherit;line-height:inherit}.elementor-widget-heading .elementor-heading-title.elementor-size-small{font-size:15px}.elementor-widget-heading .elementor-heading-title.elementor-size-medium{font-size:19px}.elementor-widget-heading .elementor-heading-title.elementor-size-large{font-size:29px}.elementor-widget-heading .elementor-heading-title.elementor-size-xl{font-size:39px}.elementor-widget-heading .elementor-heading-title.elementor-size-xxl{font-size:59px}<\/style><h2 class=\"elementor-heading-title elementor-size-default\"><h2 style=\"font-family: var( --e-global-typography-primary-font-family ), Sans-serif; font-weight: var( --e-global-typography-primary-font-weight ); color: rgb(92, 159, 56); text-align: center; white-space: normal;\">III Premio Memoria de la Emigraci\u00f3n Espa\u00f1ola<\/h2><\/h2>\t\t<\/div>\n\t\t\t\t<\/div>\n\t\t\t\t\t<\/div>\n\t\t<\/div>\n\t\t\t\t\t<\/div>\n\t\t<\/section>\n\t\t\t\t<section class=\"elementor-section elementor-top-section elementor-element elementor-element-8513729 elementor-section-boxed elementor-section-height-default elementor-section-height-default\" data-id=\"8513729\" data-element_type=\"section\">\n\t\t\t\t\t\t<div class=\"elementor-container elementor-column-gap-default\">\n\t\t\t\t\t<div class=\"elementor-column elementor-col-100 elementor-top-column elementor-element elementor-element-dc49eb7\" data-id=\"dc49eb7\" data-element_type=\"column\">\n\t\t\t<div class=\"elementor-widget-wrap elementor-element-populated\">\n\t\t\t\t\t\t<div class=\"elementor-element elementor-element-92ebf64 elementor-widget elementor-widget-heading\" data-id=\"92ebf64\" data-element_type=\"widget\" data-widget_type=\"heading.default\">\n\t\t\t\t<div class=\"elementor-widget-container\">\n\t\t\t<h2 class=\"elementor-heading-title elementor-size-default\">Ampliado plazo de participaci\u00f3n hasta el 31 de julio de 2025<\/h2>\t\t<\/div>\n\t\t\t\t<\/div>\n\t\t\t\t\t<\/div>\n\t\t<\/div>\n\t\t\t\t\t<\/div>\n\t\t<\/section>\n\t\t\t\t<section class=\"elementor-section elementor-top-section elementor-element elementor-element-89d739d elementor-section-boxed elementor-section-height-default elementor-section-height-default\" data-id=\"89d739d\" data-element_type=\"section\">\n\t\t\t\t\t\t<div class=\"elementor-container elementor-column-gap-default\">\n\t\t\t\t\t<div class=\"elementor-column elementor-col-100 elementor-top-column elementor-element elementor-element-4d543a7\" data-id=\"4d543a7\" data-element_type=\"column\">\n\t\t\t<div class=\"elementor-widget-wrap elementor-element-populated\">\n\t\t\t\t\t\t<div class=\"elementor-element elementor-element-e4c31c7 elementor-widget elementor-widget-text-editor\" data-id=\"e4c31c7\" data-element_type=\"widget\" data-widget_type=\"text-editor.default\">\n\t\t\t\t<div class=\"elementor-widget-container\">\n\t\t\t<style>\/*! elementor - v3.22.0 - 17-06-2024 *\/\n.elementor-widget-text-editor.elementor-drop-cap-view-stacked .elementor-drop-cap{background-color:#69727d;color:#fff}.elementor-widget-text-editor.elementor-drop-cap-view-framed .elementor-drop-cap{color:#69727d;border:3px solid;background-color:transparent}.elementor-widget-text-editor:not(.elementor-drop-cap-view-default) .elementor-drop-cap{margin-top:8px}.elementor-widget-text-editor:not(.elementor-drop-cap-view-default) .elementor-drop-cap-letter{width:1em;height:1em}.elementor-widget-text-editor .elementor-drop-cap{float:left;text-align:center;line-height:1;font-size:50px}.elementor-widget-text-editor .elementor-drop-cap-letter{display:inline-block}<\/style>\t\t\t\t<p>La UNED, en colaboraci\u00f3n con la C\u00e1tedra <em>Poblaci\u00f3n, Vinculaci\u00f3n y Desarrollo<\/em> del Centro de la UNED en Zamora, y el apoyo de la Secretar\u00eda de Estado de Migraciones del Ministerio de Inclusi\u00f3n, Seguridad Social y Migraciones, y la Secretar\u00eda General para el Reto Demogr\u00e1fico, del Ministerio para la Transici\u00f3n Ecol\u00f3gica y el Reto Demogr\u00e1fico, convoca el Premio<em> Memoria de la Emigraci\u00f3n Espa\u00f1ola<\/em> con el objeto de mantener y recuperar el testimonio de los emigrantes de nuestro pa\u00eds.<\/p><p>Espa\u00f1a es un pa\u00eds en el que el fen\u00f3meno migratorio ha sido intenso. Sus \u00e1reas rurales, as\u00ed como los espacios menos urbanizados e industrializados, han registrado las consecuencias m\u00e1s negativas de este proceso de movilizaci\u00f3n poblacional, repercutiendo en su preocupante situaci\u00f3n socio-econ\u00f3mica actual. A pesar de ello, las cifras que conforman los censos demogr\u00e1ficos no reflejan la verdadera realidad asociativa configurada por la \u201cpoblaci\u00f3n vinculada\u201d. Esta la conforman aquellos que, residiendo lejos de su lugar de origen, as\u00ed como sus descendientes, mantienen una conexi\u00f3n que fomenta el desarrollo local, ayuda a paliar los estragos del \u00e9xodo y, por ende, han de ser tenidos en consideraci\u00f3n como parte fundamental del devenir futuro de nuestro pa\u00eds.<\/p><p>Como respuesta, resulta necesario recuperar y mantener la \u201cmemoria\u201d individual y colectiva de los emigrantes, as\u00ed como sus mecanismos de relaci\u00f3n y cooperaci\u00f3n, cuyos testimonios, plasmados en cualquier soporte o formato (escrito, gr\u00e1fico, audiovisual), promuevan su conocimiento y conservaci\u00f3n, sirviendo al mismo tiempo como mecanismos de avance y progreso.<\/p><p>El trabajo realizado por la UNED de Zamora durante m\u00e1s de dos d\u00e9cadas, con la creaci\u00f3n del Centro de Estudios de la Emigraci\u00f3n Castellana y Leonesa y la convocatoria de siete ediciones del premio \u201cMemoria de la Emigraci\u00f3n Castellana y Leonesa\u201d, ha permitido conformar un importante acervo documental que debe sostenerse y ampliarse en lo posible. Estos premios contribuyen a esta tarea en la que es fundamental la participaci\u00f3n de los emigrantes y sus familias, pero tambi\u00e9n de las numerosas asociaciones de emigrantes fundadas en los diferentes pa\u00edses y regiones de acogida, que atesoran la memoria institucional de la emigraci\u00f3n y constituyen una parte muy significativa de la misma.<\/p><p>Recoger esa memoria, fomentarla, difundirla, archivarla y estudiarla supone un ejercicio de responsabilidad con nuestra historia m\u00e1s reciente, pero tambi\u00e9n con nuestro presente y nuestro futuro, a trav\u00e9s de la \u201cpoblaci\u00f3n vinculada\u201d, que sin duda es, y ser\u00e1, fundamental en el desarrollo de nuestro pa\u00eds.<\/p><p><a href=\"https:\/\/emigracioncastellanayleonesa.es\/wp-content\/uploads\/2025\/02\/Formulario_III_Premio_Memoria_Emigracion_Espanola.docx\">FORMULARIO DE PARTICIPACI\u00d3N<\/a><\/p><p><a href=\"http:\/\/emigracioncastellanayleonesa.es\/wp-content\/uploads\/2024\/10\/III_Premio_Memoria_Emigracion_Espanola.pdf\">TR\u00cdPTICO INFORMATIVO<\/a><\/p>\t\t\t\t\t\t<\/div>\n\t\t\t\t<\/div>\n\t\t\t\t\t<\/div>\n\t\t<\/div>\n\t\t\t\t\t<\/div>\n\t\t<\/section>\n\t\t\t\t<section class=\"elementor-section elementor-top-section elementor-element elementor-element-85b46c4 elementor-section-boxed elementor-section-height-default elementor-section-height-default\" data-id=\"85b46c4\" data-element_type=\"section\">\n\t\t\t\t\t\t<div class=\"elementor-container elementor-column-gap-default\">\n\t\t\t\t\t<div class=\"elementor-column elementor-col-100 elementor-top-column elementor-element elementor-element-edee049\" data-id=\"edee049\" data-element_type=\"column\">\n\t\t\t<div class=\"elementor-widget-wrap elementor-element-populated\">\n\t\t\t\t\t\t\t<\/div>\n\t\t<\/div>\n\t\t\t\t\t<\/div>\n\t\t<\/section>\n\t\t\t\t<\/div>\n\t\t","protected":false},"excerpt":{"rendered":"<p>III Premio Memoria de la Emigraci\u00f3n Espa\u00f1ola Ampliado plazo de participaci\u00f3n hasta el 31 de julio de 2025 La UNED, en colaboraci\u00f3n con la C\u00e1tedra Poblaci\u00f3n, Vinculaci\u00f3n y Desarrollo del Centro de la UNED en Zamora, y el apoyo de la Secretar\u00eda de Estado de Migraciones del Ministerio de Inclusi\u00f3n, Seguridad Social y Migraciones, y [&hellip;]<\/p>\n","protected":false},"author":2,"featured_media":0,"parent":0,"menu_order":0,"comment_status":"closed","ping_status":"closed","template":"","meta":[],"_links":{"self":[{"href":"https:\/\/emigracioncastellanayleonesa.es\/index.php\/wp-json\/wp\/v2\/pages\/2385"}],"collection":[{"href":"https:\/\/emigracioncastellanayleonesa.es\/index.php\/wp-json\/wp\/v2\/pages"}],"about":[{"href":"https:\/\/emigracioncastellanayleonesa.es\/index.php\/wp-json\/wp\/v2\/types\/page"}],"author":[{"embeddable":true,"href":"https:\/\/emigracioncastellanayleonesa.es\/index.php\/wp-json\/wp\/v2\/users\/2"}],"replies":[{"embeddable":true,"href":"https:\/\/emigracioncastellanayleonesa.es\/index.php\/wp-json\/wp\/v2\/comments?post=2385"}],"version-history":[{"count":77,"href":"https:\/\/emigracioncastellanayleonesa.es\/index.php\/wp-json\/wp\/v2\/pages\/2385\/revisions"}],"predecessor-version":[{"id":2518,"href":"https:\/\/emigracioncastellanayleonesa.es\/index.php\/wp-json\/wp\/v2\/pages\/2385\/revisions\/2518"}],"wp:attachment":[{"href":"https:\/\/emigracioncastellanayleonesa.es\/index.php\/wp-json\/wp\/v2\/media?parent=2385"}],"curies":[{"name":"wp","href":"https:\/\/api.w.org\/{rel}","templated":true}]}}